{"id":71,"date":"2015-03-26T19:39:26","date_gmt":"2015-03-26T19:39:26","guid":{"rendered":"http:\/\/camping-la-berquerie.fr\/WordPress3\/?page_id=71"},"modified":"2015-10-03T20:02:53","modified_gmt":"2015-10-03T20:02:53","slug":"reservation","status":"publish","type":"page","link":"https:\/\/camping-la-berquerie.fr\/en\/reservation\/","title":{"rendered":"Activit\u00e9s"},"content":{"rendered":"<p>[vc_row][vc_column width=&#8221;1\/1&#8243;][vc_column_text]Nous vous proposons r\u00e9guli\u00e8rement en pleine saison divers activit\u00e9s il y a une fois par semaine une prestation tir \u00e0 l&#8217;arc sarbacane la possibilit\u00e9 de se rendre sur la base de loisir de Gamaches est pratiqu\u00e9e du p\u00e9dalo du cano\u00eb-kayak.[\/vc_column_text][\/vc_column][\/vc_row][vc_row][vc_column width=&#8221;2\/3&#8243;][vc_single_image image=&#8221;155&#8243; css_animation=&#8221;appear&#8221; alignment=&#8221;center&#8221; img_link_large=&#8221;yes&#8221; img_link_target=&#8221;_self&#8221; img_size=&#8221;200&#215;200&#8243;][vc_column_text]Sur le camping nous vous proposons une piscine couverte et chauff\u00e9e r\u00e9guli\u00e8rement le week-end une soir\u00e9e \u00e0 th\u00e8me vous est propos\u00e9e ainsi que divers jeux anim\u00e9s par notre \u00e9quipe d&#8217;animations.[\/vc_column_text][\/vc_column][vc_column width=&#8221;1\/3&#8243;][\/vc_column][\/vc_row][vc_row][vc_column width=&#8221;1\/2&#8243;][\/vc_column][vc_column width=&#8221;1\/2&#8243;][vc_single_image image=&#8221;205&#8243; alignment=&#8221;right&#8221; img_link_large=&#8221;yes&#8221; img_link_target=&#8221;_blank&#8221; img_size=&#8221;200&#215;200&#8243; css_animation=&#8221;appear&#8221;][vc_column_text]Une structure gonflable est \u00e0 la disposition des petits, un terrain de boules,<\/p>\n<p>Structure gonflable[\/vc_column_text][\/vc_column][\/vc_row][vc_row][vc_column width=&#8221;1\/1&#8243;][vc_column_text]et pour les petits et grands les animaux du camping canard ch\u00e8vre et les deux mascottes paspo\u00eale et caramel[\/vc_column_text][\/vc_column][\/vc_row][vc_row][vc_column width=&#8221;1\/3&#8243;][vc_single_image image=&#8221;115&#8243; img_link_target=&#8221;_self&#8221;][\/vc_column][vc_column width=&#8221;1\/3&#8243;][vc_single_image image=&#8221;118&#8243; img_link_target=&#8221;_self&#8221;][\/vc_column][vc_column width=&#8221;1\/3&#8243;][vc_gallery type=&#8221;flexslider_fade&#8221; interval=&#8221;3&#8243; images=&#8221;203&#8243; onclick=&#8221;link_image&#8221; custom_links_target=&#8221;_self&#8221;][\/vc_column][\/vc_row][vc_row][vc_column width=&#8221;1\/2&#8243;][vc_column_text]une table de ping-pong, un terrain de volley-ball.[\/vc_column_text][\/vc_column][vc_column width=&#8221;1\/2&#8243;][vc_single_image image=&#8221;109&#8243; css_animation=&#8221;appear&#8221; img_link_target=&#8221;_self&#8221; img_size=&#8221;200&#215;200&#8243;][\/vc_column][\/vc_row][vc_row][vc_column width=&#8221;1\/1&#8243;][\/vc_column][\/vc_row][vc_row][vc_column width=&#8221;1\/1&#8243;][\/vc_column][\/vc_row][vc_row][vc_column width=&#8221;1\/1&#8243;][\/vc_column][\/vc_row][vc_row][vc_column width=&#8221;1\/1&#8243;][\/vc_column][\/vc_row]<\/p>\n","protected":false},"excerpt":{"rendered":"<p>[vc_row][vc_column width=&#8221;1\/1&#8243;][vc_column_text]Nous vous proposons r\u00e9guli\u00e8rement en pleine saison divers activit\u00e9s il y a une fois par semaine une prestation tir \u00e0 l&#8217;arc sarbacane la possibilit\u00e9 de se rendre sur la base de loisir de Gamaches est pratiqu\u00e9e du p\u00e9dalo du cano\u00eb-kayak.[\/vc_column_text][\/vc_column][\/vc_row][vc_row][vc_column width=&#8221;2\/3&#8243;][vc_single_image image=&#8221;155&#8243; css_animation=&#8221;appear&#8221; alignment=&#8221;center&#8221; img_link_large=&#8221;yes&#8221; img_link_target=&#8221;_self&#8221; img_size=&#8221;200&#215;200&#8243;][vc_column_text]Sur le camping nous vous proposons une piscine [&hellip;]<\/p>\n","protected":false},"author":1,"featured_media":0,"parent":0,"menu_order":4,"comment_status":"closed","ping_status":"open","template":"","meta":{"footnotes":""},"class_list":["post-71","page","type-page","status-publish","hentry"],"aioseo_notices":[],"_links":{"self":[{"href":"https:\/\/camping-la-berquerie.fr\/en\/wp-json\/wp\/v2\/pages\/71","targetHints":{"allow":["GET"]}}],"collection":[{"href":"https:\/\/camping-la-berquerie.fr\/en\/wp-json\/wp\/v2\/pages"}],"about":[{"href":"https:\/\/camping-la-berquerie.fr\/en\/wp-json\/wp\/v2\/types\/page"}],"author":[{"embeddable":true,"href":"https:\/\/camping-la-berquerie.fr\/en\/wp-json\/wp\/v2\/users\/1"}],"replies":[{"embeddable":true,"href":"https:\/\/camping-la-berquerie.fr\/en\/wp-json\/wp\/v2\/comments?post=71"}],"version-history":[{"count":11,"href":"https:\/\/camping-la-berquerie.fr\/en\/wp-json\/wp\/v2\/pages\/71\/revisions"}],"predecessor-version":[{"id":251,"href":"https:\/\/camping-la-berquerie.fr\/en\/wp-json\/wp\/v2\/pages\/71\/revisions\/251"}],"wp:attachment":[{"href":"https:\/\/camping-la-berquerie.fr\/en\/wp-json\/wp\/v2\/media?parent=71"}],"curies":[{"name":"wp","href":"https:\/\/api.w.org\/{rel}","templated":true}]}}