{"id":629,"date":"2016-10-13T16:47:30","date_gmt":"2016-10-13T16:47:30","guid":{"rendered":"http:\/\/camping-la-berquerie.fr\/?page_id=629"},"modified":"2024-12-09T21:11:00","modified_gmt":"2024-12-09T21:11:00","slug":"mentions-legales","status":"publish","type":"page","link":"https:\/\/camping-la-berquerie.fr\/en\/mentions-legales\/","title":{"rendered":"mentions legales"},"content":{"rendered":"<p>[vc_row][vc_column][vc_column_text]<strong>Raison Social<\/strong><strong>e<\/strong>\u00a0<strong>:<\/strong> SAS Camping *** La Berquerie<\/p>\n<p><strong>Adresse<\/strong>\u00a0<strong>: <\/strong>Rue Ren\u00e9 Delcourt \u2013 76260 LE MESNIL REAUME<\/p>\n<p><strong>Repr\u00e9sentant l\u00e9gal :<\/strong>\u00a0Madame HORCHOLLE Claire<\/p>\n<p><strong>Directeur de la Publication :<\/strong>\u00a0Madame HORCHOLLE Claire<\/p>\n<p><strong>T\u00e9l\u00e9phone :<\/strong>\u00a0+33 (02) 35 50 00 46\u00a0\u2013 07 77 30 47 70<\/p>\n<p><strong>Adresse Internet :<\/strong>\u00a0www.camping-la-berquerie.fr<\/p>\n<p><strong>SIRET :<\/strong>\u00a0818\u00a0924\u00a0359 00016 RCS DIEPPE<\/p>\n<p><strong>Adresse mail<\/strong><strong>\u00a0:<\/strong>\u00a0 &#99;o&#110;t&#97;c&#x74;&#64;&#x63;a&#x6d;p&#x69;n&#x67;-&#x6c;a&#x2d;b&#x65;r&#x71;u&#x65;&#114;&#x69;&#101;&#x2e;&#99;&#x6f;&#109;<\/p>\n<p><strong>N\u00b0 de TVA intracommunautaire :<\/strong>\u00a0FR60\u00a0818\u00a0924 359<\/p>\n<p><strong>Capital social de la SAS :<\/strong>\u00a0SAS au capital de 5000 Euros\u00a0\u00a0L\u2019utilisateur du site Internet reconna\u00eet disposer de la comp\u00e9tence et des moyens n\u00e9cessaires pour acc\u00e9der et utiliser ce site. Il reconna\u00eet \u00e9galement avoir pris connaissance de la pr\u00e9sente notice l\u00e9gale et s\u2019engage \u00e0 la respecter.\u00a0\u00a0L\u2019utilisateur dispose d\u2019un droit d\u2019acc\u00e8s, de modification, de rectification et suppression des donn\u00e9es qui le concerne (article 34 de la loi \u00ab\u00a0 Informatique et Libert\u00e9s\u00a0\u00bb).\u00a0\u00a0Pour l\u2019exercer, l\u2019utilisateur peut s\u2019adresser aupr\u00e8s du Directeur de la publication vis\u00e9 ci-dessus.\u00a0\u00a0Toute repr\u00e9sentation totale ou partielle de ce site par quelque proc\u00e9d\u00e9 que\u00a0ce soit, sans l\u2019autorisation expresse de l\u2019exploitant du site Internet est interdite et constituerait une contrefa\u00e7on sanctionn\u00e9e par les articles L 335-2 et suivants du Code de la propri\u00e9t\u00e9 intellectuelle.\u00a0\u00a0Il en est de m\u00eame des \u00e9ventuelles bases de donn\u00e9es figurant sur le site Internet qui sont prot\u00e9g\u00e9es par les dispositions de la loi du 11 juillet 1998 portant transposition dans le Code de la propri\u00e9t\u00e9 intellectuelle (CPI) de la directive europ\u00e9enne du 11 mars 1996 relative \u00e0 la protection juridique des bases de donn\u00e9es.[\/vc_column_text][\/vc_column][\/vc_row]<\/p>","protected":false},"excerpt":{"rendered":"<p>[vc_row][vc_column][vc_column_text]Raison Sociale\u00a0: SAS Camping *** La Berquerie Adresse\u00a0: Rue Ren\u00e9 Delcourt \u2013 76260 LE MESNIL REAUME Repr\u00e9sentant l\u00e9gal :\u00a0Madame HORCHOLLE Claire Directeur de la Publication :\u00a0Madame HORCHOLLE Claire T\u00e9l\u00e9phone :\u00a0+33 (02) 35 50 00 46\u00a0\u2013 07 77 30 47 70 Adresse Internet :\u00a0www.camping-la-berquerie.fr SIRET :\u00a0818\u00a0924\u00a0359 00016 RCS DIEPPE Adresse mail\u00a0:\u00a0 &#99;&#x6f;&#110;&#x74;&#97;&#x63;&#116;&#x40;&#99;&#x61;&#109;&#x70;&#105;&#x6e;&#103;&#x2d;&#108;&#x61;&#45;&#x62;&#101;&#x72;&#113;&#x75;&#101;&#x72;i&#x65;&#46;&#x63;o&#x6d; N\u00b0 de TVA intracommunautaire [&hellip;]<\/p>\n","protected":false},"author":1,"featured_media":0,"parent":0,"menu_order":0,"comment_status":"closed","ping_status":"closed","template":"","meta":{"footnotes":""},"class_list":["post-629","page","type-page","status-publish","hentry"],"aioseo_notices":[],"_links":{"self":[{"href":"https:\/\/camping-la-berquerie.fr\/en\/wp-json\/wp\/v2\/pages\/629","targetHints":{"allow":["GET"]}}],"collection":[{"href":"https:\/\/camping-la-berquerie.fr\/en\/wp-json\/wp\/v2\/pages"}],"about":[{"href":"https:\/\/camping-la-berquerie.fr\/en\/wp-json\/wp\/v2\/types\/page"}],"author":[{"embeddable":true,"href":"https:\/\/camping-la-berquerie.fr\/en\/wp-json\/wp\/v2\/users\/1"}],"replies":[{"embeddable":true,"href":"https:\/\/camping-la-berquerie.fr\/en\/wp-json\/wp\/v2\/comments?post=629"}],"version-history":[{"count":11,"href":"https:\/\/camping-la-berquerie.fr\/en\/wp-json\/wp\/v2\/pages\/629\/revisions"}],"predecessor-version":[{"id":1600,"href":"https:\/\/camping-la-berquerie.fr\/en\/wp-json\/wp\/v2\/pages\/629\/revisions\/1600"}],"wp:attachment":[{"href":"https:\/\/camping-la-berquerie.fr\/en\/wp-json\/wp\/v2\/media?parent=629"}],"curies":[{"name":"wp","href":"https:\/\/api.w.org\/{rel}","templated":true}]}}