{"id":307,"date":"2015-04-24T19:49:14","date_gmt":"2015-04-24T19:49:14","guid":{"rendered":"http:\/\/camping-la-berquerie.fr\/WordPress3\/?page_id=307"},"modified":"2025-02-24T20:28:24","modified_gmt":"2025-02-24T20:28:24","slug":"camping-location-mobil-home-normandie","status":"publish","type":"page","link":"https:\/\/camping-la-berquerie.fr\/en\/camping-location-mobil-home-normandie\/","title":{"rendered":"Ou nous trouver"},"content":{"rendered":"<p>[vc_row][vc_column width=&#8221;1\/2&#8243;][vc_single_image image=&#8221;1092&#8243; img_size=&#8221;500*500&#8243;][\/vc_column][vc_column width=&#8221;1\/2&#8243;][vc_column_text css=&#8221;.vc_custom_1740428891204{border-top-width: 2px !important;border-right-width: 2px !important;border-bottom-width: 2px !important;border-left-width: 2px !important;border-left-color: #1c4c8a !important;border-right-color: #1c4c8a !important;border-top-color: #1c4c8a !important;border-bottom-color: #1c4c8a !important;}&#8221;]<\/p>\n<p data-start=\"42\" data-end=\"186\">Le Camping La Berquerie est situ\u00e9 \u00e0 Le Mesnil-R\u00e9aume, en Normandie, France.<br \/>\nSes coordonn\u00e9es GPS sont : latitude 49.9075\u00b0 N, longitude 1.4972\u00b0 E.<\/p>\n<p data-start=\"188\" data-end=\"274\">Pour vous y rendre depuis Rouen, Amiens ou Dieppe, voici les itin\u00e9raires recommand\u00e9s :<\/p>\n<p data-start=\"276\" data-end=\"294\"><strong data-start=\"276\" data-end=\"294\">Depuis Rouen :<\/strong><\/p>\n<ol data-start=\"296\" data-end=\"636\">\n<li data-start=\"296\" data-end=\"335\">Prenez l&#8217;A28 en direction de Dieppe.<\/li>\n<li data-start=\"336\" data-end=\"438\">Continuez sur l&#8217;A28 jusqu&#8217;\u00e0 la sortie 7 pour rejoindre la D6015 en direction de Neufch\u00e2tel-en-Bray.<\/li>\n<li data-start=\"439\" data-end=\"546\">Suivez la D6015 jusqu&#8217;\u00e0 Neufch\u00e2tel-en-Bray, puis continuez sur la D928 en direction de Le Mesnil-R\u00e9aume.<\/li>\n<li data-start=\"547\" data-end=\"636\">\u00c0 l&#8217;entr\u00e9e de Le Mesnil-R\u00e9aume, suivez les panneaux indiquant le Camping La Berquerie.<\/li>\n<\/ol>\n<p data-start=\"638\" data-end=\"657\"><strong data-start=\"638\" data-end=\"657\">Depuis Amiens :<\/strong><\/p>\n<ol data-start=\"659\" data-end=\"1002\">\n<li data-start=\"659\" data-end=\"705\">Prenez l&#8217;A29 en direction de Saint-Riquier.<\/li>\n<li data-start=\"706\" data-end=\"796\">Continuez sur l&#8217;A29 jusqu&#8217;\u00e0 la sortie 4 pour rejoindre la D1 en direction de Abbeville.<\/li>\n<li data-start=\"797\" data-end=\"894\">\u00c0 Abbeville, prenez la D928 en direction de Eu, puis continuez sur la D928 jusqu&#8217;\u00e0 Le Tr\u00e9port.<\/li>\n<li data-start=\"895\" data-end=\"1002\">De Le Tr\u00e9port, suivez la D925 en direction de Neufch\u00e2tel-en-Bray, puis la D928 jusqu&#8217;\u00e0 Le Mesnil-R\u00e9aume.<\/li>\n<\/ol>\n<p>[\/vc_column_text][\/vc_column][\/vc_row][vc_row][vc_column width=&#8221;1\/2&#8243;][vc_column_text]101 Rue Ren\u00e9e Delcourt &#8211; 76260 LE MESNIL REAUME &#8211;<\/p>\n<p>Tel : 02.35.50.00.46[\/vc_column_text][\/vc_column][\/vc_row]<\/p>","protected":false},"excerpt":{"rendered":"<p>[vc_row][vc_column width=&#8221;1\/2&#8243;][vc_single_image image=&#8221;1092&#8243; img_size=&#8221;500*500&#8243;][\/vc_column][vc_column width=&#8221;1\/2&#8243;][vc_column_text css=&#8221;.vc_custom_1740428891204{border-top-width: 2px !important;border-right-width: 2px !important;border-bottom-width: 2px !important;border-left-width: 2px !important;border-left-color: #1c4c8a !important;border-right-color: #1c4c8a !important;border-top-color: #1c4c8a !important;border-bottom-color: #1c4c8a !important;}&#8221;] Le Camping La Berquerie est situ\u00e9 \u00e0 Le Mesnil-R\u00e9aume, en Normandie, France. Ses coordonn\u00e9es GPS sont : latitude 49.9075\u00b0 N, longitude 1.4972\u00b0 E. Pour vous y rendre depuis Rouen, Amiens ou Dieppe, voici [&hellip;]<\/p>\n","protected":false},"author":1,"featured_media":0,"parent":0,"menu_order":12,"comment_status":"closed","ping_status":"open","template":"","meta":{"footnotes":""},"class_list":["post-307","page","type-page","status-publish","hentry"],"aioseo_notices":[],"_links":{"self":[{"href":"https:\/\/camping-la-berquerie.fr\/en\/wp-json\/wp\/v2\/pages\/307","targetHints":{"allow":["GET"]}}],"collection":[{"href":"https:\/\/camping-la-berquerie.fr\/en\/wp-json\/wp\/v2\/pages"}],"about":[{"href":"https:\/\/camping-la-berquerie.fr\/en\/wp-json\/wp\/v2\/types\/page"}],"author":[{"embeddable":true,"href":"https:\/\/camping-la-berquerie.fr\/en\/wp-json\/wp\/v2\/users\/1"}],"replies":[{"embeddable":true,"href":"https:\/\/camping-la-berquerie.fr\/en\/wp-json\/wp\/v2\/comments?post=307"}],"version-history":[{"count":40,"href":"https:\/\/camping-la-berquerie.fr\/en\/wp-json\/wp\/v2\/pages\/307\/revisions"}],"predecessor-version":[{"id":1698,"href":"https:\/\/camping-la-berquerie.fr\/en\/wp-json\/wp\/v2\/pages\/307\/revisions\/1698"}],"wp:attachment":[{"href":"https:\/\/camping-la-berquerie.fr\/en\/wp-json\/wp\/v2\/media?parent=307"}],"curies":[{"name":"wp","href":"https:\/\/api.w.org\/{rel}","templated":true}]}}