{"id":1401,"date":"2021-03-21T14:46:35","date_gmt":"2021-03-21T14:46:35","guid":{"rendered":"https:\/\/camping-la-berquerie.fr\/?page_id=1401"},"modified":"2025-02-22T20:35:40","modified_gmt":"2025-02-22T20:35:40","slug":"activites-de-la-region","status":"publish","type":"page","link":"https:\/\/camping-la-berquerie.fr\/en\/activites-de-la-region\/","title":{"rendered":"Activit\u00e9s de la r\u00e9gion"},"content":{"rendered":"<div class=\"vce-row-container\" data-vce-boxed-width=\"true\"><div class=\"vce-row vce-row--col-gap-30 vce-row-equal-height vce-row-content--top\" id=\"el-b6b89d4a\" data-vce-do-apply=\"all el-b6b89d4a\"><div class=\"vce-row-content\" data-vce-element-content=\"true\"><div class=\"vce-col vce-col--md-auto vce-col--xs-1 vce-col--xs-last vce-col--xs-first vce-col--sm-last vce-col--sm-first vce-col--md-last vce-col--lg-last vce-col--xl-last vce-col--md-first vce-col--lg-first vce-col--xl-first\" id=\"el-7b1e91e6\"><div class=\"vce-col-inner\" data-vce-do-apply=\"border margin background  el-7b1e91e6\"><div class=\"vce-col-content\" data-vce-element-content=\"true\" data-vce-do-apply=\"padding el-7b1e91e6\"><div class=\"vcv-row-control-wrapper\"><\/div><\/div><\/div><\/div><\/div><\/div><\/div><div class=\"vce-row-container\" data-vce-boxed-width=\"true\"><div class=\"vce-row vce-row--col-gap-30 vce-row-equal-height vce-row-content--top\" id=\"el-214c4220\" data-vce-do-apply=\"all el-214c4220\"><div class=\"vce-row-content\" data-vce-element-content=\"true\"><div class=\"vce-col vce-col--md-auto vce-col--xs-1 vce-col--xs-last vce-col--xs-first vce-col--sm-last vce-col--sm-first vce-col--md-last vce-col--lg-last vce-col--xl-last vce-col--md-first vce-col--lg-first vce-col--xl-first\" id=\"el-0934f3f7\"><div class=\"vce-col-inner\" data-vce-do-apply=\"border margin background  el-0934f3f7\"><div class=\"vce-col-content\" data-vce-element-content=\"true\" data-vce-do-apply=\"padding el-0934f3f7\"><div class=\"vcv-row-control-wrapper\"><\/div><\/div><\/div><\/div><\/div><\/div><\/div><div class=\"vce-row-container\" data-vce-boxed-width=\"true\"><div class=\"vce-row vce-row--col-gap-30 vce-row-equal-height vce-row-content--top\" id=\"el-94b5047a\" data-vce-do-apply=\"all el-94b5047a\"><div class=\"vce-row-content\" data-vce-element-content=\"true\"><div class=\"vce-col vce-col--md-auto vce-col--xs-1 vce-col--xs-last vce-col--xs-first vce-col--sm-last vce-col--sm-first vce-col--md-last vce-col--lg-last vce-col--xl-last vce-col--md-first vce-col--lg-first vce-col--xl-first\" id=\"el-62978a20\"><div class=\"vce-col-inner\" data-vce-do-apply=\"border margin background  el-62978a20\"><div class=\"vce-col-content\" data-vce-element-content=\"true\" data-vce-do-apply=\"padding el-62978a20\"><div class=\"vce-simple-image-slider\" style=\"--backgroundPosition: center center; --pointerColor: #fff; --pointerColorHover: #fd9a00;\"><div class=\"vce-simple-image-slider-wrapper vce vce-simple-image-slider-shape--rounded\" id=\"el-92a7708f\" data-vce-do-apply=\"all el-92a7708f\"><div class=\"vce-simple-image-slider-helper vce-simple-image-slider-aspect-ratio--16-9\"><div class=\"vce-simple-image-slider-list\" data-slick-autoplay=\"on\" data-slick-autoplay-delay=\"3000\" data-slick-effect=\"slideIn\" data-slick-dots=\"on\" data-slick-arrows=\"off\"><div class=\"slick-list\"><div class=\"slick-track\"><div class=\"vce-simple-image-slider-item vc-slick-item\"><div style=\"background-image:url(https:\/\/camping-la-berquerie.fr\/WordPress3\/wp-content\/uploads\/2024\/02\/letreport_mers.jpg)\" class=\"vce-simple-image-slider-img vce-simple-image-slider-img--scale\"><img decoding=\"async\" class=\"\" src=\"https:\/\/camping-la-berquerie.fr\/WordPress3\/wp-content\/uploads\/2024\/02\/letreport_mers.jpg\" style=\"opacity:0\" alt=\"\"><\/div><\/div><div class=\"vce-simple-image-slider-item vc-slick-item\"><div style=\"background-image:url(https:\/\/camping-la-berquerie.fr\/WordPress3\/wp-content\/uploads\/2024\/02\/cabines2.jpg)\" class=\"vce-simple-image-slider-img vce-simple-image-slider-img--scale\"><img decoding=\"async\" class=\"\" src=\"https:\/\/camping-la-berquerie.fr\/WordPress3\/wp-content\/uploads\/2024\/02\/cabines2.jpg\" style=\"opacity:0\" alt=\"\"><\/div><\/div><div class=\"vce-simple-image-slider-item vc-slick-item\"><div style=\"background-image:url(https:\/\/camping-la-berquerie.fr\/WordPress3\/wp-content\/uploads\/2024\/02\/maisonsMers.jpg)\" class=\"vce-simple-image-slider-img vce-simple-image-slider-img--scale\"><img decoding=\"async\" class=\"\" src=\"https:\/\/camping-la-berquerie.fr\/WordPress3\/wp-content\/uploads\/2024\/02\/maisonsMers.jpg\" style=\"opacity:0\" alt=\"\"><\/div><\/div><div class=\"vce-simple-image-slider-item vc-slick-item\"><div style=\"background-image:url(https:\/\/camping-la-berquerie.fr\/WordPress3\/wp-content\/uploads\/2024\/02\/falaiseMers.jpg)\" class=\"vce-simple-image-slider-img vce-simple-image-slider-img--scale\"><img decoding=\"async\" class=\"\" src=\"https:\/\/camping-la-berquerie.fr\/WordPress3\/wp-content\/uploads\/2024\/02\/falaiseMers.jpg\" style=\"opacity:0\" alt=\"\"><\/div><\/div><div class=\"vce-simple-image-slider-item vc-slick-item\"><div style=\"background-image:url(https:\/\/camping-la-berquerie.fr\/WordPress3\/wp-content\/uploads\/2024\/02\/trainBaieDeSomme.jpg)\" class=\"vce-simple-image-slider-img vce-simple-image-slider-img--scale\"><img decoding=\"async\" class=\"\" src=\"https:\/\/camping-la-berquerie.fr\/WordPress3\/wp-content\/uploads\/2024\/02\/trainBaieDeSomme.jpg\" style=\"opacity:0\" alt=\"\"><\/div><\/div><\/div><\/div><\/div><div class=\"vce-simple-image-slider-dots\"><\/div><\/div><\/div><\/div><\/div><\/div><\/div><\/div><\/div><\/div><div class=\"vce-row-container\" data-vce-boxed-width=\"true\"><div class=\"vce-row vce-row--col-gap-30 vce-row-equal-height vce-row-content--top\" id=\"el-ce339744\" data-vce-do-apply=\"all el-ce339744\"><div class=\"vce-row-content\" data-vce-element-content=\"true\"><div class=\"vce-col vce-col--md-auto vce-col--xs-1 vce-col--xs-last vce-col--xs-first vce-col--sm-last vce-col--sm-first vce-col--md-first vce-col--lg-first vce-col--xl-first\" id=\"el-99e10951\"><div class=\"vce-col-inner\" data-vce-do-apply=\"border margin background  el-99e10951\"><div class=\"vce-col-content\" data-vce-element-content=\"true\" data-vce-do-apply=\"padding el-99e10951\"><div class=\"vce-text-block\"><div class=\"vce-text-block-wrapper vce\" id=\"el-1d34e61a\" data-vce-do-apply=\"all el-1d34e61a\"><h3 data-start=\"0\" data-end=\"71\"><span style=\"color: #1c4c8a;\">S\u00e9jour Actif en Normandie \u2013 Nature et Aventure au Rendez-vous<\/span><\/h3>\n<p data-start=\"73\" data-end=\"611\" data-is-last-node=\"\" data-is-only-node=\"\"><span style=\"color: #003300; font-size: 14pt;\">D\u00e9couvrez la Normandie autrement gr\u00e2ce aux nombreux sentiers de randonn\u00e9e accessibles \u00e0 proximit\u00e9 du camping. Partez \u00e0 l\u2019exploration de paysages pr\u00e9serv\u00e9s et de villages pittoresques, entre bocages verdoyants et falaises majestueuses. Envie d\u2019aventure ? Profitez du littoral pour vous adonner aux plaisirs des sports nautiques : planche \u00e0 voile, kitesurf, p\u00eache ou encore balades en mer. Que vous soyez amateur de sensations fortes ou en qu\u00eate de d\u00e9tente au grand air, une multitude d\u2019activit\u00e9s s\u2019offre \u00e0 vous pour un s\u00e9jour inoubliable !<\/span><\/p><\/div><\/div><\/div><\/div><\/div><div class=\"vce-col vce-col--md-auto vce-col--xs-1 vce-col--xs-last vce-col--xs-first vce-col--sm-last vce-col--sm-first vce-col--md-last vce-col--lg-last vce-col--xl-last\" id=\"el-2a61104b\"><div class=\"vce-col-inner\" data-vce-do-apply=\"border margin background  el-2a61104b\"><div class=\"vce-col-content\" data-vce-element-content=\"true\" data-vce-do-apply=\"padding el-2a61104b\"><div class=\"vce-single-image-container vce-single-image--align-left\"><div class=\"vce vce-single-image-wrapper\" id=\"el-a79163fe\" data-vce-do-apply=\"all el-a79163fe\"><figure><div class=\"vce-single-image-figure-inner\" style=\"width: 711px;\"><div class=\"vce-single-image-inner vce-single-image--absolute vce-single-image--border-rounded\" style=\"width: 100%; padding-bottom: 56.2588%;\"><img loading=\"lazy\" decoding=\"async\" class=\"vce-single-image\"  width=\"711\" height=\"400\" srcset=\"https:\/\/camping-la-berquerie.fr\/WordPress3\/wp-content\/uploads\/2025\/02\/20150814_1311011-e1478097592718-320x180.jpg 320w, https:\/\/camping-la-berquerie.fr\/WordPress3\/wp-content\/uploads\/2025\/02\/20150814_1311011-e1478097592718-480x270.jpg 480w, https:\/\/camping-la-berquerie.fr\/WordPress3\/wp-content\/uploads\/2025\/02\/20150814_1311011-e1478097592718-711x400.jpg 711w\" src=\"https:\/\/camping-la-berquerie.fr\/WordPress3\/wp-content\/uploads\/2025\/02\/20150814_1311011-e1478097592718-711x400.jpg\" data-img-src=\"https:\/\/camping-la-berquerie.fr\/WordPress3\/wp-content\/uploads\/2015\/09\/20150814_1311011-e1478097592718.jpg\" data-attachment-id=\"423\"  alt=\"\" title=\"20150814_131101\" \/><\/div><\/div><figcaption hidden=\"\"><\/figcaption><\/figure><\/div><\/div><\/div><\/div><\/div><\/div><\/div><\/div><div class=\"vce-row-container\" data-vce-boxed-width=\"true\"><div class=\"vce-row vce-row--col-gap-30 vce-row-equal-height vce-row-content--top\" id=\"el-787860d6\" data-vce-do-apply=\"all el-787860d6\"><div class=\"vce-row-content\" data-vce-element-content=\"true\"><div class=\"vce-col vce-col--md-auto vce-col--xs-1 vce-col--xs-last vce-col--xs-first vce-col--sm-last vce-col--sm-first vce-col--md-first vce-col--lg-first vce-col--xl-first\" id=\"el-1cd45353\"><div class=\"vce-col-inner\" data-vce-do-apply=\"border margin background  el-1cd45353\"><div class=\"vce-col-content\" data-vce-element-content=\"true\" data-vce-do-apply=\"padding el-1cd45353\"><div class=\"vce-single-image-container vce-single-image--align-center\"><div class=\"vce vce-single-image-wrapper\" id=\"el-fe30a1a3\" data-vce-do-apply=\"all el-fe30a1a3\"><figure><div class=\"vce-single-image-figure-inner\" style=\"width: 392px;\"><div class=\"vce-single-image-inner vce-single-image--absolute vce-single-image--border-rounded\" style=\"width: 100%; padding-bottom: 73.4694%;\"><img loading=\"lazy\" decoding=\"async\" class=\"vce-single-image\"  width=\"392\" height=\"288\" srcset=\"https:\/\/camping-la-berquerie.fr\/WordPress3\/wp-content\/uploads\/2025\/02\/7-1-320x235.jpg 320w, https:\/\/camping-la-berquerie.fr\/WordPress3\/wp-content\/uploads\/2025\/02\/7-1-392x288.jpg 392w\" src=\"https:\/\/camping-la-berquerie.fr\/WordPress3\/wp-content\/uploads\/2025\/02\/7-1-392x288.jpg\" data-img-src=\"https:\/\/camping-la-berquerie.fr\/WordPress3\/wp-content\/uploads\/2015\/03\/7-1.jpg\" data-attachment-id=\"998\"  alt=\"\" title=\"7\" \/><\/div><\/div><figcaption hidden=\"\"><\/figcaption><\/figure><\/div><\/div><\/div><\/div><\/div><div class=\"vce-col vce-col--md-auto vce-col--xs-1 vce-col--xs-last vce-col--xs-first vce-col--sm-last vce-col--sm-first vce-col--md-last vce-col--lg-last vce-col--xl-last\" id=\"el-a827a5e1\"><div class=\"vce-col-inner\" data-vce-do-apply=\"border margin background  el-a827a5e1\"><div class=\"vce-col-content\" data-vce-element-content=\"true\" data-vce-do-apply=\"padding el-a827a5e1\"><div class=\"vce-text-block\"><div class=\"vce-text-block-wrapper vce\" id=\"el-fe12ba6c\" data-vce-do-apply=\"all el-fe12ba6c\"><h3 data-start=\"0\" data-end=\"72\"><span style=\"color: #1c4c8a;\"><strong>Les Pieds dans l\u2019Eau \u2013 Entre Plages et Falaises Spectaculaires<\/strong><\/span><\/h3>\n<p data-start=\"74\" data-end=\"432\" data-is-last-node=\"\" data-is-only-node=\"\"><span style=\"color: #003300; font-size: 14pt;\">\u00c0 quelques minutes du Camping La Berquerie, laissez-vous charmer par les plages normandes et les majestueuses falaises qui dessinent un panorama \u00e0 couper le souffle. Que ce soit pour une baignade rafra\u00eechissante, une balade en bord de mer ou simplement pour admirer la beaut\u00e9 sauvage du littoral, chaque instant vous plonge dans un d\u00e9cor naturel d\u2019exception.<\/span><\/p><\/div><\/div><\/div><\/div><\/div><\/div><\/div><\/div><div class=\"vce-row-container\" data-vce-boxed-width=\"true\"><div class=\"vce-row vce-row--col-gap-30 vce-row-equal-height vce-row-content--top\" id=\"el-fb68f71a\" data-vce-do-apply=\"all el-fb68f71a\"><div class=\"vce-row-content\" data-vce-element-content=\"true\"><div class=\"vce-col vce-col--md-auto vce-col--xs-1 vce-col--xs-last vce-col--xs-first vce-col--sm-last vce-col--sm-first vce-col--md-first vce-col--lg-first vce-col--xl-first\" id=\"el-433c597e\"><div class=\"vce-col-inner\" data-vce-do-apply=\"border margin background  el-433c597e\"><div class=\"vce-col-content\" data-vce-element-content=\"true\" data-vce-do-apply=\"padding el-433c597e\"><div class=\"vce-text-block\"><div class=\"vce-text-block-wrapper vce\" id=\"el-d7ecc337\" data-vce-do-apply=\"all el-d7ecc337\"><h3 data-start=\"0\" data-end=\"65\"><span style=\"color: #1c4c8a;\">Les Majestueuses Falaises de Craie de la C\u00f4te d'Alb\u00e2tre<\/span><\/h3>\n<p data-start=\"67\" data-end=\"525\" data-is-last-node=\"\" data-is-only-node=\"\"><span style=\"font-size: 14pt; color: #003300;\">Embl\u00e9matiques du paysage normand, les falaises de craie de la C\u00f4te d'Alb\u00e2tre s'\u00e9tendent sur pr\u00e8s de 120 km, de l'estuaire de la Seine \u00e0 celui de la Somme. Sculpt\u00e9es par le temps et les mar\u00e9es, elles s'\u00e9l\u00e8vent jusqu'\u00e0 106 m\u00e8tres, offrant un spectacle saisissant entre ciel et mer. Leur verticalit\u00e9 impressionnante et leurs teintes changeantes au gr\u00e9 de la lumi\u00e8re en font un site naturel d\u2019exception, pris\u00e9 des randonneurs et amoureux de panoramas grandioses.<\/span><\/p><\/div><\/div><\/div><\/div><\/div><div class=\"vce-col vce-col--md-auto vce-col--xs-1 vce-col--xs-last vce-col--xs-first vce-col--sm-last vce-col--sm-first vce-col--md-last vce-col--lg-last vce-col--xl-last\" id=\"el-b15aeaf9\"><div class=\"vce-col-inner\" data-vce-do-apply=\"border margin background  el-b15aeaf9\"><div class=\"vce-col-content\" data-vce-element-content=\"true\" data-vce-do-apply=\"padding el-b15aeaf9\"><div class=\"vce-single-image-container vce-single-image--align-left\"><div class=\"vce vce-single-image-wrapper\" id=\"el-9b3d1eed\" data-vce-do-apply=\"all el-9b3d1eed\"><figure><div class=\"vce-single-image-figure-inner\" style=\"width: 720px;\"><div class=\"vce-single-image-inner vce-single-image--absolute vce-single-image--border-rounded\" style=\"width: 100%; padding-bottom: 35.9722%;\"><img loading=\"lazy\" decoding=\"async\" class=\"vce-single-image\"  width=\"720\" height=\"259\" srcset=\"https:\/\/camping-la-berquerie.fr\/WordPress3\/wp-content\/uploads\/2025\/02\/10559748_10202916471249876_1080508966267368877_n-e1441709633935-320x115.jpg 320w, https:\/\/camping-la-berquerie.fr\/WordPress3\/wp-content\/uploads\/2025\/02\/10559748_10202916471249876_1080508966267368877_n-e1441709633935-480x173.jpg 480w, https:\/\/camping-la-berquerie.fr\/WordPress3\/wp-content\/uploads\/2025\/02\/10559748_10202916471249876_1080508966267368877_n-e1441709633935-720x259.jpg 720w\" src=\"https:\/\/camping-la-berquerie.fr\/WordPress3\/wp-content\/uploads\/2025\/02\/10559748_10202916471249876_1080508966267368877_n-e1441709633935-720x259.jpg\" data-img-src=\"https:\/\/camping-la-berquerie.fr\/WordPress3\/wp-content\/uploads\/2015\/09\/10559748_10202916471249876_1080508966267368877_n-e1441709633935.jpg\" data-attachment-id=\"371\"  alt=\"\" title=\"10559748_10202916471249876_1080508966267368877_n\" \/><\/div><\/div><figcaption hidden=\"\"><\/figcaption><\/figure><\/div><\/div><\/div><\/div><\/div><\/div><\/div><\/div><div class=\"vce-row-container\" data-vce-boxed-width=\"true\"><div class=\"vce-row vce-row--col-gap-30 vce-row-equal-height vce-row-content--top\" id=\"el-82a870c3\" data-vce-do-apply=\"all el-82a870c3\"><div class=\"vce-row-content\" data-vce-element-content=\"true\"><div class=\"vce-col vce-col--md-auto vce-col--xs-1 vce-col--xs-last vce-col--xs-first vce-col--sm-last vce-col--sm-first vce-col--md-first vce-col--lg-first vce-col--xl-first\" id=\"el-62d5847a\"><div class=\"vce-col-inner\" data-vce-do-apply=\"border margin background  el-62d5847a\"><div class=\"vce-col-content\" data-vce-element-content=\"true\" data-vce-do-apply=\"padding el-62d5847a\"><div class=\"vce-single-image-container vce-single-image--align-left\"><div class=\"vce vce-single-image-wrapper\" id=\"el-19d0cf12\" data-vce-do-apply=\"all el-19d0cf12\"><figure><div class=\"vce-single-image-figure-inner\" style=\"width: 1024px;\"><div class=\"vce-single-image-inner vce-single-image--absolute vce-single-image--border-rounded\" style=\"width: 100%; padding-bottom: 100%;\"><img loading=\"lazy\" decoding=\"async\" class=\"vce-single-image\"  width=\"1024\" height=\"1024\" srcset=\"https:\/\/camping-la-berquerie.fr\/WordPress3\/wp-content\/uploads\/2024\/02\/maisonsMers3-1-1024x1024.jpg 1024w, https:\/\/camping-la-berquerie.fr\/WordPress3\/wp-content\/uploads\/2024\/02\/maisonsMers3-1-320x320.jpg 320w, https:\/\/camping-la-berquerie.fr\/WordPress3\/wp-content\/uploads\/2024\/02\/maisonsMers3-1-480x480.jpg 480w, https:\/\/camping-la-berquerie.fr\/WordPress3\/wp-content\/uploads\/2024\/02\/maisonsMers3-1-800x800.jpg 800w\" src=\"https:\/\/camping-la-berquerie.fr\/WordPress3\/wp-content\/uploads\/2024\/02\/maisonsMers3-1-1024x1024.jpg\" data-img-src=\"https:\/\/camping-la-berquerie.fr\/WordPress3\/wp-content\/uploads\/2024\/02\/maisonsMers3-1.jpg\" data-attachment-id=\"1521\"  alt=\"\" title=\"maisonsMers3\" \/><\/div><\/div><figcaption hidden=\"\"><\/figcaption><\/figure><\/div><\/div><\/div><\/div><\/div><div class=\"vce-col vce-col--md-auto vce-col--xs-1 vce-col--xs-last vce-col--xs-first vce-col--sm-last vce-col--sm-first vce-col--md-last vce-col--lg-last vce-col--xl-last\" id=\"el-1d1aa762\"><div class=\"vce-col-inner\" data-vce-do-apply=\"border margin background  el-1d1aa762\"><div class=\"vce-col-content\" data-vce-element-content=\"true\" data-vce-do-apply=\"padding el-1d1aa762\"><div class=\"vce-text-block\"><div class=\"vce-text-block-wrapper vce\" id=\"el-77a18229\" data-vce-do-apply=\"all el-77a18229\"><h3 data-start=\"0\" data-end=\"70\"><span style=\"color: #1c4c8a;\">\u00c0 la D\u00e9couverte de la Normandie \u2013 Entre Nature et Patrimoine<\/span><\/h3>\n<p data-start=\"72\" data-end=\"687\" data-is-last-node=\"\" data-is-only-node=\"\"><span style=\"font-size: 14pt; color: #003300;\">Offrez-vous un s\u00e9jour alliant nature et culture au c\u0153ur de la Normandie ! Partez \u00e0 la d\u00e9couverte de villes embl\u00e9matiques comme <strong data-start=\"199\" data-end=\"209\">Dieppe<\/strong>, avec son port anim\u00e9, ou <strong data-start=\"235\" data-end=\"249\">Le Tr\u00e9port<\/strong>, et son ambiance maritime pittoresque. Impr\u00e9gnez-vous d\u2019histoire en visitant le <strong data-start=\"330\" data-end=\"352\">Manoir de Fontaine<\/strong>, v\u00e9ritable joyau du patrimoine local. \u00c0 quelques kilom\u00e8tres, laissez-vous \u00e9merveiller par la <strong data-start=\"446\" data-end=\"463\">Baie de Somme<\/strong>, un site pr\u00e9serv\u00e9 o\u00f9 vous pourrez observer la c\u00e9l\u00e8bre colonie de phoques. Et pour une touche d\u2019\u00e9l\u00e9gance, fl\u00e2nez entre les magnifiques villas Belle \u00c9poque de <strong data-start=\"621\" data-end=\"639\">Mers-les-Bains<\/strong>, v\u00e9ritables tr\u00e9sors architecturaux du littoral.<\/span><\/p><\/div><\/div><\/div><\/div><\/div><\/div><\/div><\/div>","protected":false},"excerpt":{"rendered":"<p>S\u00e9jour Actif en Normandie \u2013 Nature et Aventure au Rendez-vous D\u00e9couvrez la Normandie autrement gr\u00e2ce aux nombreux sentiers de randonn\u00e9e accessibles \u00e0 proximit\u00e9 du camping. Partez \u00e0 l\u2019exploration de paysages pr\u00e9serv\u00e9s et de villages pittoresques, entre bocages verdoyants et falaises majestueuses. Envie d\u2019aventure ? Profitez du littoral pour vous adonner aux plaisirs des sports nautiques [&hellip;]<\/p>\n","protected":false},"author":1,"featured_media":0,"parent":0,"menu_order":5,"comment_status":"closed","ping_status":"closed","template":"","meta":{"footnotes":""},"class_list":["post-1401","page","type-page","status-publish","hentry"],"aioseo_notices":[],"_links":{"self":[{"href":"https:\/\/camping-la-berquerie.fr\/en\/wp-json\/wp\/v2\/pages\/1401","targetHints":{"allow":["GET"]}}],"collection":[{"href":"https:\/\/camping-la-berquerie.fr\/en\/wp-json\/wp\/v2\/pages"}],"about":[{"href":"https:\/\/camping-la-berquerie.fr\/en\/wp-json\/wp\/v2\/types\/page"}],"author":[{"embeddable":true,"href":"https:\/\/camping-la-berquerie.fr\/en\/wp-json\/wp\/v2\/users\/1"}],"replies":[{"embeddable":true,"href":"https:\/\/camping-la-berquerie.fr\/en\/wp-json\/wp\/v2\/comments?post=1401"}],"version-history":[{"count":25,"href":"https:\/\/camping-la-berquerie.fr\/en\/wp-json\/wp\/v2\/pages\/1401\/revisions"}],"predecessor-version":[{"id":1672,"href":"https:\/\/camping-la-berquerie.fr\/en\/wp-json\/wp\/v2\/pages\/1401\/revisions\/1672"}],"wp:attachment":[{"href":"https:\/\/camping-la-berquerie.fr\/en\/wp-json\/wp\/v2\/media?parent=1401"}],"curies":[{"name":"wp","href":"https:\/\/api.w.org\/{rel}","templated":true}]}}