{"id":1383,"date":"2021-03-14T09:54:12","date_gmt":"2021-03-14T09:54:12","guid":{"rendered":"https:\/\/camping-la-berquerie.fr\/?page_id=1383"},"modified":"2026-02-09T11:57:57","modified_gmt":"2026-02-09T11:57:57","slug":"accueil","status":"publish","type":"page","link":"https:\/\/camping-la-berquerie.fr\/en\/","title":{"rendered":"Accueil"},"content":{"rendered":"<div class=\"vce-row-container\" data-vce-boxed-width=\"true\"><div class=\"vce-row vce-row--col-gap-30 vce-row-equal-height vce-row-content--top\" id=\"el-31f3d7d1\" data-vce-do-apply=\"all el-31f3d7d1\"><div class=\"vce-row-content\" data-vce-element-content=\"true\"><div class=\"vce-col vce-col--md-auto vce-col--xs-1 vce-col--xs-last vce-col--xs-first vce-col--sm-last vce-col--sm-first vce-col--md-last vce-col--lg-last vce-col--xl-last vce-col--md-first vce-col--lg-first vce-col--xl-first\" id=\"el-9fd4cb7f\"><div class=\"vce-col-inner\" data-vce-do-apply=\"border margin background  el-9fd4cb7f\"><div class=\"vce-col-content\" data-vce-element-content=\"true\" data-vce-do-apply=\"padding el-9fd4cb7f\"><div class=\"vcv-row-control-wrapper\"><\/div><\/div><\/div><\/div><\/div><\/div><\/div><div class=\"vce-row-container\" data-vce-boxed-width=\"true\"><div class=\"vce-row vce-row--col-gap-30 vce-row-equal-height vce-row-content--top\" id=\"el-8726c295\" data-vce-do-apply=\"all el-8726c295\"><div class=\"vce-content-background-container\"><\/div><div class=\"vce-row-content\" data-vce-element-content=\"true\"><div class=\"vce-col vce-col--md-auto vce-col--xs-1 vce-col--xs-last vce-col--xs-first vce-col--sm-last vce-col--sm-first vce-col--md-first vce-col--lg-first vce-col--xl-first\" id=\"el-4b559421\"><div class=\"vce-col-inner\" data-vce-do-apply=\"border margin background  el-4b559421\"><div class=\"vce-col-content\" data-vce-element-content=\"true\" data-vce-do-apply=\"padding el-4b559421\"><div class=\"vce-text-block\"><div class=\"vce-text-block-wrapper vce\" id=\"el-dd562440\" data-vce-do-apply=\"all el-dd562440\"><h1 style=\"text-align: center;\"><span style=\"color: #003300;\"><span style=\"vertical-align: inherit; color: #1c4c8a;\"><span style=\"vertical-align: inherit;\">Bienvenue<\/span><\/span><br><span style=\"vertical-align: inherit;\"><span style=\"vertical-align: inherit;\"><span style=\"color: #1c4c8a;\">Au Camping<\/span>&nbsp;<span style=\"color: #1c4c8a;\">La<\/span><\/span><\/span><span style=\"vertical-align: inherit;\"><span style=\"vertical-align: inherit;\"><span style=\"color: #1c4c8a;\">Berquerie<\/span><\/span><\/span><strong><span style=\"vertical-align: inherit;\"><span style=\"vertical-align: inherit;\"><br><\/span><\/span><\/strong><br><\/span><\/h1>\n<p><span style=\"color: #003300; font-size: 14pt;\">Venez d\u00e9couvrir une ambiance paisible et sereine en Haute-Normandie.<\/span><\/p>\n<p><span style=\"color: #003300; font-size: 14pt;\">Dans ce camping convivial et familial, vous trouverez un cadre verdoyant propice \u00e0 la d\u00e9tente et au calme.<\/span><\/p>\n<p><span style=\"color: #003300; font-size: 14pt;\">Profitez pleinement des nombreux \u00e9quipements : une piscine couverte et chauff\u00e9e, une pataugeoire pour les plus petits, ainsi que des parcs de jeux adapt\u00e9s aux enfants. Les activit\u00e9s sont vari\u00e9es et plaisent \u00e0 toute la famille, avec des installations comme la mini-ferme, la structure gonflable, le trampoline, le tennis de table, le terrain de p\u00e9tanque et le volley-ball.<\/span><\/p>\n<p><span style=\"color: #003300; font-size: 14pt;\">En juillet et ao\u00fbt, de nombreuses animations vous attendent : tir \u00e0 l\u2019arc, chasse au tr\u00e9sor, loto, soir\u00e9es dansantes, quiz musical et karaok\u00e9. Il y en a pour tous les go\u00fbts !<\/span><\/p>\n<p><span style=\"color: #003300; font-size: 14pt;\">Venez vous ressourcer et partager des moments inoubliables en famille ou entre amis.<\/span><\/p><\/div><\/div><\/div><\/div><\/div><div class=\"vce-col vce-col--md-auto vce-col--xs-1 vce-col--xs-last vce-col--xs-first vce-col--sm-last vce-col--sm-first vce-col--md-last vce-col--lg-last vce-col--xl-last\" id=\"el-3ee2b01e\"><div class=\"vce-col-inner\" data-vce-do-apply=\"border margin background  el-3ee2b01e\"><div class=\"vce-col-content\" data-vce-element-content=\"true\" data-vce-do-apply=\"padding el-3ee2b01e\"><div class=\"vce-single-image-container vce-single-image--align-center\"><div class=\"vce vce-single-image-wrapper\" id=\"el-1b6b09c2\" data-vce-do-apply=\"all el-1b6b09c2\"><figure><div class=\"vce-single-image-figure-inner\" style=\"width: 225px;\"><div class=\"vce-single-image-inner vce-single-image--absolute vce-single-image--border-rounded\" style=\"width: 100%; padding-bottom: 133.333%;\"><img loading=\"lazy\" decoding=\"async\" class=\"vce-single-image\"  width=\"225\" height=\"300\" srcset=\"https:\/\/camping-la-berquerie.fr\/WordPress3\/wp-content\/uploads\/2026\/02\/Image-2026-accueil.24-225x300.jpeg 225w, https:\/\/camping-la-berquerie.fr\/WordPress3\/wp-content\/uploads\/2026\/02\/Image-2026-accueil.24-320x427.jpeg 320w, https:\/\/camping-la-berquerie.fr\/WordPress3\/wp-content\/uploads\/2026\/02\/Image-2026-accueil.24-480x640.jpeg 480w, https:\/\/camping-la-berquerie.fr\/WordPress3\/wp-content\/uploads\/2026\/02\/Image-2026-accueil.24-800x1067.jpeg 800w, https:\/\/camping-la-berquerie.fr\/WordPress3\/wp-content\/uploads\/2026\/02\/Image-2026-accueil.24-450x600.jpeg 2x\" src=\"https:\/\/camping-la-berquerie.fr\/WordPress3\/wp-content\/uploads\/2026\/02\/Image-2026-accueil.24-225x300.jpeg\" data-img-src=\"https:\/\/camping-la-berquerie.fr\/WordPress3\/wp-content\/uploads\/2026\/02\/Image-2026-accueil.24.jpeg\" data-attachment-id=\"1706\"  alt=\"\" title=\"Image 2026-accueil.24\" \/><\/div><\/div><figcaption hidden=\"\"><\/figcaption><\/figure><\/div><\/div><\/div><\/div><\/div><\/div><\/div><\/div><div class=\"vce-row-container\" data-vce-boxed-width=\"true\"><div class=\"vce-row vce-row--col-gap-30 vce-row-equal-height vce-row-content--top\" id=\"el-2236af39\" data-vce-do-apply=\"all el-2236af39\"><div class=\"vce-row-content\" data-vce-element-content=\"true\"><div class=\"vce-col vce-col--md-auto vce-col--xs-1 vce-col--xs-last vce-col--xs-first vce-col--sm-last vce-col--sm-first vce-col--md-first vce-col--lg-first vce-col--xl-first\" id=\"el-7eefeb7f\"><div class=\"vce-col-inner\" data-vce-do-apply=\"border margin background  el-7eefeb7f\"><div class=\"vce-col-content\" data-vce-element-content=\"true\" data-vce-do-apply=\"padding el-7eefeb7f\"><div class=\"vce-simple-image-slider\" style=\"--backgroundPosition: center center; --pointerColor: #fff; --pointerColorHover: #fd9a00;\"><div class=\"vce-simple-image-slider-wrapper vce\" id=\"el-fa81c9e4\" data-vce-do-apply=\"all el-fa81c9e4\"><div class=\"vce-simple-image-slider-helper vce-simple-image-slider-aspect-ratio--16-9\"><div class=\"vce-simple-image-slider-list\" data-slick-autoplay=\"on\" data-slick-autoplay-delay=\"5000\" data-slick-effect=\"slideIn\" data-slick-dots=\"on\" data-slick-arrows=\"off\"><div class=\"slick-list\"><div class=\"slick-track\"><div class=\"vce-simple-image-slider-item vc-slick-item\"><div style=\"background-image:url(https:\/\/camping-la-berquerie.fr\/WordPress3\/wp-content\/uploads\/2015\/03\/berq1.jpg)\" class=\"vce-simple-image-slider-img vce-simple-image-slider-img--scale\"><img decoding=\"async\" class=\"\" src=\"https:\/\/camping-la-berquerie.fr\/WordPress3\/wp-content\/uploads\/2015\/03\/berq1.jpg\" style=\"opacity:0\" alt=\"\"><\/div><\/div><div class=\"vce-simple-image-slider-item vc-slick-item\"><div style=\"background-image:url(https:\/\/camping-la-berquerie.fr\/WordPress3\/wp-content\/uploads\/2024\/02\/jeux_gonflable.jpg)\" class=\"vce-simple-image-slider-img vce-simple-image-slider-img--scale\"><img decoding=\"async\" class=\"\" src=\"https:\/\/camping-la-berquerie.fr\/WordPress3\/wp-content\/uploads\/2024\/02\/jeux_gonflable.jpg\" style=\"opacity:0\" alt=\"\"><\/div><\/div><div class=\"vce-simple-image-slider-item vc-slick-item\"><div style=\"background-image:url(https:\/\/camping-la-berquerie.fr\/WordPress3\/wp-content\/uploads\/2024\/02\/piscine_pataugeoire.jpg)\" class=\"vce-simple-image-slider-img vce-simple-image-slider-img--scale\"><img decoding=\"async\" class=\"\" src=\"https:\/\/camping-la-berquerie.fr\/WordPress3\/wp-content\/uploads\/2024\/02\/piscine_pataugeoire.jpg\" style=\"opacity:0\" alt=\"\"><\/div><\/div><div class=\"vce-simple-image-slider-item vc-slick-item\"><div style=\"background-image:url(https:\/\/camping-la-berquerie.fr\/WordPress3\/wp-content\/uploads\/2024\/02\/piscine_int.jpg)\" class=\"vce-simple-image-slider-img vce-simple-image-slider-img--scale\"><img decoding=\"async\" class=\"\" src=\"https:\/\/camping-la-berquerie.fr\/WordPress3\/wp-content\/uploads\/2024\/02\/piscine_int.jpg\" style=\"opacity:0\" alt=\"\"><\/div><\/div><\/div><\/div><\/div><div class=\"vce-simple-image-slider-dots\"><\/div><\/div><\/div><\/div><\/div><\/div><\/div><div class=\"vce-col vce-col--md-auto vce-col--xs-1 vce-col--xs-last vce-col--xs-first vce-col--sm-last vce-col--sm-first vce-col--md-last vce-col--lg-last vce-col--xl-last\" id=\"el-4c639701\"><div class=\"vce-col-inner\" data-vce-do-apply=\"border margin background  el-4c639701\"><div class=\"vce-col-content\" data-vce-element-content=\"true\" data-vce-do-apply=\"padding el-4c639701\"><div class=\"vce-text-block\"><div class=\"vce-text-block-wrapper vce\" id=\"el-e19ae20d\" data-vce-do-apply=\"all el-e19ae20d\"><h1 style=\"text-align: center;\"><span style=\"color: #1c4c8a;\">Camping<\/span>&nbsp;<span style=\"font-size: 48pt;\"><span style=\"color: #003300;\">***<\/span><\/span><span style=\"color: #1c4c8a;\">&nbsp;<span style=\"color: #1c4c8a;\">en<\/span> <span style=\"color: #1c4c8a;\">Normandie<\/span><\/span><\/h1>\n<p style=\"text-align: center;\"><span style=\"color: #003300; font-size: 14pt;\">Le Camping La Berquerie, nich\u00e9 entre terre et mer, aux portes de la majestueuse For\u00eat d\u2019Eu, vous invite \u00e0 s\u00e9journer en Haute-Normandie dans un cadre verdoyant et paisible. Id\u00e9alement situ\u00e9, il se trouve \u00e0 quelques minutes des charmantes villes d\u2019Eu, Le Tr\u00e9port et Mers-les-Bains, et \u00e0 proximit\u00e9 de Dieppe, offrant ainsi un parfait \u00e9quilibre entre nature et d\u00e9couvertes touristiques.<\/span><\/p><\/div><\/div><\/div><\/div><\/div><\/div><\/div><\/div><div class=\"vce-row-container\" data-vce-boxed-width=\"true\"><div class=\"vce-row vce-row--col-gap-30 vce-row-equal-height vce-row-content--top\" id=\"el-3b4942cd\" data-vce-do-apply=\"all el-3b4942cd\"><div class=\"vce-row-content\" data-vce-element-content=\"true\"><div class=\"vce-col vce-col--md-auto vce-col--xs-1 vce-col--xs-last vce-col--xs-first vce-col--sm-last vce-col--sm-first vce-col--md-first vce-col--lg-first vce-col--xl-first\" id=\"el-58becf5d\"><div class=\"vce-col-inner\" data-vce-do-apply=\"border margin background  el-58becf5d\"><div class=\"vce-col-content\" data-vce-element-content=\"true\" data-vce-do-apply=\"padding el-58becf5d\"><div class=\"vce-text-block\"><div class=\"vce-text-block-wrapper vce\" id=\"el-a9c76cb6\" data-vce-do-apply=\"all el-a9c76cb6\"><h1 style=\"text-align: center;\"><span style=\"color: #339966;\"><span style=\"color: #1c4c8a;\">SNACK-BAR - LA PAILLOTTE<\/span><\/span><\/h1>\n<p><span style=\"color: #003300; font-size: 14pt;\">Bienvenue au <strong>Snack-bar LA PAILLOTTE<\/strong>, un lieu convivial o\u00f9 gourmandise et d\u00e9tente sont au rendez-vous ! Venez savourer nos d\u00e9licieuses pizzas, burgers, frites et bien plus encore.<\/span><\/p>\n<p><span style=\"color: #003300; font-size: 14pt;\">Profitez \u00e9galement de nos <strong>soir\u00e9es anim\u00e9es et vari\u00e9es<\/strong>, id\u00e9ales pour partager de bons moments en famille ou entre amis.<\/span><\/p>\n<p><span style=\"color: #003300; font-size: 14pt;\">Notre \u00e9quipe vous propose un large choix de <strong>cocktails savoureux<\/strong>, boissons rafra\u00eechissantes, ainsi que des plats \u00e0 emporter ou \u00e0 d\u00e9guster sur place. Et pour les plus gourmands, laissez-vous tenter par nos <strong>gaufres croustillantes et glaces onctueuses<\/strong>\u2026 Un vrai d\u00e9lice !<\/span><\/p>\n<p><span style=\"color: #003300;\">&nbsp;<\/span><\/p>\n<p>&nbsp;<\/p><\/div><\/div><\/div><\/div><\/div><div class=\"vce-col vce-col--md-auto vce-col--xs-1 vce-col--xs-last vce-col--xs-first vce-col--sm-last vce-col--sm-first vce-col--md-last vce-col--lg-last vce-col--xl-last\" id=\"el-e9f2445c\"><div class=\"vce-col-inner\" data-vce-do-apply=\"border margin background  el-e9f2445c\"><div class=\"vce-col-content\" data-vce-element-content=\"true\" data-vce-do-apply=\"padding el-e9f2445c\"><div class=\"vce-simple-image-slider\" style=\"--backgroundPosition: center center; --pointerColor: #fff; --pointerColorHover: #fd9a00;\"><div class=\"vce-simple-image-slider-wrapper vce\" id=\"el-476986ad\" data-vce-do-apply=\"all el-476986ad\"><div class=\"vce-simple-image-slider-helper vce-simple-image-slider-aspect-ratio--16-9\"><div class=\"vce-simple-image-slider-list\" data-slick-autoplay=\"on\" data-slick-autoplay-delay=\"5000\" data-slick-effect=\"slideIn\" data-slick-dots=\"on\" data-slick-arrows=\"off\"><div class=\"slick-list\"><div class=\"slick-track\"><div class=\"vce-simple-image-slider-item vc-slick-item\"><div style=\"background-image:url(https:\/\/camping-la-berquerie.fr\/WordPress3\/wp-content\/uploads\/2024\/02\/pancarte_lapaillotte.jpg)\" class=\"vce-simple-image-slider-img vce-simple-image-slider-img--scale\"><img decoding=\"async\" class=\"\" src=\"https:\/\/camping-la-berquerie.fr\/WordPress3\/wp-content\/uploads\/2024\/02\/pancarte_lapaillotte.jpg\" style=\"opacity:0\" alt=\"\"><\/div><\/div><div class=\"vce-simple-image-slider-item vc-slick-item\"><div style=\"background-image:url(https:\/\/camping-la-berquerie.fr\/WordPress3\/wp-content\/uploads\/2024\/05\/bar_paillotte_2024_2.jpg)\" class=\"vce-simple-image-slider-img vce-simple-image-slider-img--scale\"><img decoding=\"async\" class=\"\" src=\"https:\/\/camping-la-berquerie.fr\/WordPress3\/wp-content\/uploads\/2024\/05\/bar_paillotte_2024_2.jpg\" style=\"opacity:0\" alt=\"\"><\/div><\/div><div class=\"vce-simple-image-slider-item vc-slick-item\"><div style=\"background-image:url(https:\/\/camping-la-berquerie.fr\/WordPress3\/wp-content\/uploads\/2024\/05\/bar_paillotte_2024.jpg)\" class=\"vce-simple-image-slider-img vce-simple-image-slider-img--scale\"><img decoding=\"async\" class=\"\" src=\"https:\/\/camping-la-berquerie.fr\/WordPress3\/wp-content\/uploads\/2024\/05\/bar_paillotte_2024.jpg\" style=\"opacity:0\" alt=\"\"><\/div><\/div><\/div><\/div><\/div><div class=\"vce-simple-image-slider-dots\"><\/div><\/div><\/div><\/div><\/div><\/div><\/div><\/div><\/div><\/div><div class=\"vce-row-container\" data-vce-boxed-width=\"true\"><div class=\"vce-row vce-row--col-gap-30 vce-row-equal-height vce-row-content--top\" id=\"el-d865fc8f\" data-vce-do-apply=\"all el-d865fc8f\"><div class=\"vce-row-content\" data-vce-element-content=\"true\"><div class=\"vce-col vce-col--md-auto vce-col--xs-1 vce-col--xs-last vce-col--xs-first vce-col--sm-last vce-col--sm-first vce-col--md-last vce-col--lg-last vce-col--xl-last vce-col--md-first vce-col--lg-first vce-col--xl-first\" id=\"el-0af3d655\"><div class=\"vce-col-inner\" data-vce-do-apply=\"border margin background  el-0af3d655\"><div class=\"vce-col-content\" data-vce-element-content=\"true\" data-vce-do-apply=\"padding el-0af3d655\"><div class=\"vcv-row-control-wrapper\"><\/div><\/div><\/div><\/div><\/div><\/div><\/div><div class=\"vce-row-container\" data-vce-boxed-width=\"true\"><div class=\"vce-row vce-row--col-gap-30 vce-row-equal-height vce-row-content--top\" id=\"el-45db471f\" data-vce-do-apply=\"all el-45db471f\"><div class=\"vce-content-background-container\"><\/div><div class=\"vce-row-content\" data-vce-element-content=\"true\"><div class=\"vce-col vce-col--md-auto vce-col--xs-1 vce-col--xs-last vce-col--xs-first vce-col--sm-last vce-col--sm-first vce-col--md-first vce-col--lg-first vce-col--xl-first\" id=\"el-0b958e41\"><div class=\"vce-col-inner\" data-vce-do-apply=\"border margin background  el-0b958e41\"><div class=\"vce-content-background-container\"><\/div><div class=\"vce-col-content\" data-vce-element-content=\"true\" data-vce-do-apply=\"padding el-0b958e41\"><div class=\"vce-single-image-container vce-single-image--align-left\"><div class=\"vce vce-single-image-wrapper\" id=\"el-da0abb35\" data-vce-do-apply=\"all el-da0abb35\"><figure><div class=\"vce-single-image-figure-inner\" style=\"width: 1024px;\"><div class=\"vce-single-image-inner vce-single-image--absolute\" style=\"width: 100%; padding-bottom: 68.75%;\"><img loading=\"lazy\" decoding=\"async\" class=\"vce-single-image\"  width=\"1024\" height=\"704\" srcset=\"https:\/\/camping-la-berquerie.fr\/WordPress3\/wp-content\/uploads\/2025\/01\/img_7903-1-1024x704.jpg 1024w, https:\/\/camping-la-berquerie.fr\/WordPress3\/wp-content\/uploads\/2025\/01\/img_7903-1-320x220.jpg 320w, https:\/\/camping-la-berquerie.fr\/WordPress3\/wp-content\/uploads\/2025\/01\/img_7903-1-480x330.jpg 480w, https:\/\/camping-la-berquerie.fr\/WordPress3\/wp-content\/uploads\/2025\/01\/img_7903-1-800x550.jpg 800w\" src=\"https:\/\/camping-la-berquerie.fr\/WordPress3\/wp-content\/uploads\/2025\/01\/img_7903-1-1024x704.jpg\" data-img-src=\"https:\/\/camping-la-berquerie.fr\/WordPress3\/wp-content\/uploads\/2025\/01\/img_7903-1.jpg\" data-attachment-id=\"1614\"  alt=\"\" title=\"img_7903-1.jpg\" \/><\/div><\/div><figcaption hidden=\"\"><\/figcaption><\/figure><\/div><\/div><\/div><\/div><\/div><div class=\"vce-col vce-col--md-auto vce-col--xs-1 vce-col--xs-last vce-col--xs-first vce-col--sm-last vce-col--sm-first\" id=\"el-5348940b\"><div class=\"vce-col-inner\" data-vce-do-apply=\"border margin background  el-5348940b\"><div class=\"vce-col-content\" data-vce-element-content=\"true\" data-vce-do-apply=\"padding el-5348940b\"><div class=\"vce-single-image-container vce-single-image--align-left\"><div class=\"vce vce-single-image-wrapper\" id=\"el-8151ebe2\" data-vce-do-apply=\"all el-8151ebe2\"><figure><div class=\"vce-single-image-figure-inner\" style=\"width: 768px;\"><div class=\"vce-single-image-inner vce-single-image--absolute vce-single-image--border-round\" style=\"width: 100%; padding-bottom: 100%;\"><img loading=\"lazy\" decoding=\"async\" class=\"vce-single-image\"  width=\"768\" height=\"768\" srcset=\"https:\/\/camping-la-berquerie.fr\/WordPress3\/wp-content\/uploads\/2025\/01\/img_2528-768x1024.jpg 768w, https:\/\/camping-la-berquerie.fr\/WordPress3\/wp-content\/uploads\/2025\/01\/img_2528-320x427.jpg 320w, https:\/\/camping-la-berquerie.fr\/WordPress3\/wp-content\/uploads\/2025\/01\/img_2528-480x640.jpg 480w, https:\/\/camping-la-berquerie.fr\/WordPress3\/wp-content\/uploads\/2025\/01\/img_2528-800x1067.jpg 800w\" src=\"https:\/\/camping-la-berquerie.fr\/WordPress3\/wp-content\/uploads\/2025\/01\/img_2528-768x1024.jpg\" data-img-src=\"https:\/\/camping-la-berquerie.fr\/WordPress3\/wp-content\/uploads\/2025\/01\/img_2528.jpg\" data-attachment-id=\"1610\"  alt=\"\" title=\"img_2528.jpg\" \/><\/div><\/div><figcaption hidden=\"\"><\/figcaption><\/figure><\/div><\/div><\/div><\/div><\/div><div class=\"vce-col vce-col--md-auto vce-col--xs-1 vce-col--xs-last vce-col--xs-first vce-col--sm-last vce-col--sm-first\" id=\"el-e67157fd\"><div class=\"vce-col-inner\" data-vce-do-apply=\"border margin background  el-e67157fd\"><div class=\"vce-content-background-container\"><\/div><div class=\"vce-col-content\" data-vce-element-content=\"true\" data-vce-do-apply=\"padding el-e67157fd\"><div class=\"vce-single-image-container vce-single-image--align-center\"><div class=\"vce vce-single-image-wrapper\" id=\"el-e1c32388\" data-vce-do-apply=\"all el-e1c32388\"><figure><div class=\"vce-single-image-figure-inner\" style=\"width: 1024px;\"><div class=\"vce-single-image-inner vce-single-image--absolute vce-single-image--border-rounded\" style=\"width: 100%; padding-bottom: 75.3906%;\"><img loading=\"lazy\" decoding=\"async\" class=\"vce-single-image\"  width=\"1024\" height=\"772\" srcset=\"https:\/\/camping-la-berquerie.fr\/WordPress3\/wp-content\/uploads\/2024\/02\/cabines-1024x772.jpg 1024w, https:\/\/camping-la-berquerie.fr\/WordPress3\/wp-content\/uploads\/2024\/02\/cabines-320x241.jpg 320w, https:\/\/camping-la-berquerie.fr\/WordPress3\/wp-content\/uploads\/2024\/02\/cabines-480x362.jpg 480w, https:\/\/camping-la-berquerie.fr\/WordPress3\/wp-content\/uploads\/2024\/02\/cabines-800x604.jpg 800w\" src=\"https:\/\/camping-la-berquerie.fr\/WordPress3\/wp-content\/uploads\/2024\/02\/cabines-1024x772.jpg\" data-img-src=\"https:\/\/camping-la-berquerie.fr\/WordPress3\/wp-content\/uploads\/2024\/02\/cabines.jpg\" data-attachment-id=\"1509\"  alt=\"\" title=\"cabines\" \/><\/div><\/div><figcaption hidden=\"\"><\/figcaption><\/figure><\/div><\/div><\/div><\/div><\/div><div class=\"vce-col vce-col--md-auto vce-col--xs-1 vce-col--xs-last vce-col--xs-first vce-col--sm-last vce-col--sm-first vce-col--md-last vce-col--lg-last vce-col--xl-last\" id=\"el-29aca8fa\"><div class=\"vce-col-inner\" data-vce-do-apply=\"border margin background  el-29aca8fa\"><div class=\"vce-col-content\" data-vce-element-content=\"true\" data-vce-do-apply=\"padding el-29aca8fa\"><div class=\"vce-single-image-container vce-single-image--align-left\"><div class=\"vce vce-single-image-wrapper\" id=\"el-9db93c5a\" data-vce-do-apply=\"all el-9db93c5a\"><figure><div class=\"vce-single-image-figure-inner\" style=\"width: 768px;\"><div class=\"vce-single-image-inner vce-single-image--absolute vce-single-image--border-round\" style=\"width: 100%; padding-bottom: 100%;\"><img loading=\"lazy\" decoding=\"async\" class=\"vce-single-image\"  width=\"768\" height=\"768\" srcset=\"https:\/\/camping-la-berquerie.fr\/WordPress3\/wp-content\/uploads\/2025\/01\/img_2943-768x1024.jpg 768w, https:\/\/camping-la-berquerie.fr\/WordPress3\/wp-content\/uploads\/2025\/01\/img_2943-320x427.jpg 320w, https:\/\/camping-la-berquerie.fr\/WordPress3\/wp-content\/uploads\/2025\/01\/img_2943-480x640.jpg 480w, https:\/\/camping-la-berquerie.fr\/WordPress3\/wp-content\/uploads\/2025\/01\/img_2943-800x1067.jpg 800w\" src=\"https:\/\/camping-la-berquerie.fr\/WordPress3\/wp-content\/uploads\/2025\/01\/img_2943-768x1024.jpg\" data-img-src=\"https:\/\/camping-la-berquerie.fr\/WordPress3\/wp-content\/uploads\/2025\/01\/img_2943.jpg\" data-attachment-id=\"1612\"  alt=\"\" title=\"img_2943.jpg\" \/><\/div><\/div><figcaption hidden=\"\"><\/figcaption><\/figure><\/div><\/div><\/div><\/div><\/div><\/div><\/div><\/div>","protected":false},"excerpt":{"rendered":"<p>BienvenueAu Camping&nbsp;LaBerquerie Venez d\u00e9couvrir une ambiance paisible et sereine en Haute-Normandie. Dans ce camping convivial et familial, vous trouverez un cadre verdoyant propice \u00e0 la d\u00e9tente et au calme. Profitez pleinement des nombreux \u00e9quipements : une piscine couverte et chauff\u00e9e, une pataugeoire pour les plus petits, ainsi que des parcs de jeux adapt\u00e9s aux enfants. [&hellip;]<\/p>\n","protected":false},"author":0,"featured_media":0,"parent":0,"menu_order":0,"comment_status":"closed","ping_status":"closed","template":"","meta":{"footnotes":""},"class_list":["post-1383","page","type-page","status-publish","hentry"],"aioseo_notices":[],"_links":{"self":[{"href":"https:\/\/camping-la-berquerie.fr\/en\/wp-json\/wp\/v2\/pages\/1383","targetHints":{"allow":["GET"]}}],"collection":[{"href":"https:\/\/camping-la-berquerie.fr\/en\/wp-json\/wp\/v2\/pages"}],"about":[{"href":"https:\/\/camping-la-berquerie.fr\/en\/wp-json\/wp\/v2\/types\/page"}],"replies":[{"embeddable":true,"href":"https:\/\/camping-la-berquerie.fr\/en\/wp-json\/wp\/v2\/comments?post=1383"}],"version-history":[{"count":54,"href":"https:\/\/camping-la-berquerie.fr\/en\/wp-json\/wp\/v2\/pages\/1383\/revisions"}],"predecessor-version":[{"id":1707,"href":"https:\/\/camping-la-berquerie.fr\/en\/wp-json\/wp\/v2\/pages\/1383\/revisions\/1707"}],"wp:attachment":[{"href":"https:\/\/camping-la-berquerie.fr\/en\/wp-json\/wp\/v2\/media?parent=1383"}],"curies":[{"name":"wp","href":"https:\/\/api.w.org\/{rel}","templated":true}]}}